{"id":73,"date":"2020-07-01T10:47:01","date_gmt":"2020-07-01T13:47:01","guid":{"rendered":"http:\/\/localhost\/acaradariqueza\/site\/?page_id=73"},"modified":"2020-07-01T10:49:14","modified_gmt":"2020-07-01T13:49:14","slug":"trocas-e-devolucoes","status":"publish","type":"page","link":"https:\/\/www.comercialvitorialtda.com.br\/loja\/trocas-e-devolucoes\/","title":{"rendered":"Trocas e Devolu\u00e7\u00f5es"},"content":{"rendered":"\n<p>amet, consectetur adipiscing elit. Aliquam ultrices pretium nibh, quis consectetur nisl lobortis non. Aenean et arcu eget leo maximus congue non nec turpis. In porttitor a massa a sollicitudin. Nam at lacus ipsum. Mauris quis efficitur massa. Maecenas condimentum, nisi vitae fringilla vehicula, dolor velit euismod neque, vel volutpat nisi lectus a urna. In laoreet nisi odio, nec porta arcu condimentum ac. Sed sit amet mi vel dolor vehicula imperdiet vel a lacus. Nam lacinia leo urna, et pellentesque nunc lobortis id. Ut commodo elit sed cursus imperdiet.<\/p>\n\n\n\n<p>Nam vel mauris eu velit feugiat gravida. Proin neque nisi, rhoncus eu vestibulum quis, semper non urna. Nulla semper turpis eget nulla egestas tristique. Vivamus rhoncus nisl id risus aliquam, nec tristique dui laoreet. Proin suscipit at leo quis ultrices. Ut in ante nunc. Curabitur turpis diam, malesuada id efficitur a, sollicitudin eu nulla.<\/p>\n\n\n\n<p>In mi odio, finibus nec tincidunt in, facilisis ut ipsum. Vivamus blandit, mi nec mattis vestibulum, tellus ligula consequat sem, nec efficitur lectus ipsum at velit. Quisque sed magna scelerisque, posuere quam non, dictum lectus. Mauris lectus dui, pharetra a placerat a, faucibus ac risus. Mauris ut orci fermentum, posuere dolor eu, interdum neque. Donec in ex ex. Aliquam dignissim faucibus condimentum. Donec ipsum enim, varius ut arcu at, varius molestie lacus. Pellentesque luctus tortor non nisi mollis gravida a ac nunc.<\/p>\n\n\n\n<p>Corbi vestibulum bibendum nunc et elementum. Etiam commodo lobortis justo eu sagittis. Pellentesque aliquam porttitor eleifend. Cras blandit ante eu tellus dictum porttitor. Curabitur in metus blandit, dictum tellus at, porttitor dui. Integer nec turpis facilisis odio luctus tincidunt. In aliquam non augue ut condimentum. Ut dictum mollis quam id eleifend. Donec a nunc at ex blandit ornare ac ac nunc. Vestibulum sit amet justo sed quam aliquam blandit sed id erat. Donec luctus nec sem vel porttitor. Cras scelerisque sagittis malesuada<\/p>\n","protected":false},"excerpt":{"rendered":"<p>amet, consectetur adipiscing elit. Aliquam ultrices pretium nibh, quis consectetur nisl lobortis non. Aenean et arcu eget leo maximus congue non nec turpis. In porttitor a massa a sollicitudin. Nam at lacus ipsum. Mauris quis efficitur massa. Maecenas condimentum, nisi vitae fringilla vehicula, dolor velit euismod neque, vel volutpat nisi lectus a urna. In laoreet &hellip; <a href=\"https:\/\/www.comercialvitorialtda.com.br\/loja\/trocas-e-devolucoes\/\">Continua<\/a><\/p>\n","protected":false},"author":2,"featured_media":0,"parent":0,"menu_order":0,"comment_status":"closed","ping_status":"closed","template":"page-padrao.php","meta":[],"acf":[],"yoast_head":"<!-- This site is optimized with the Yoast SEO plugin v19.8 - https:\/\/yoast.com\/wordpress\/plugins\/seo\/ -->\n<title>Trocas e Devolu\u00e7\u00f5es - Comercial Vit\u00f3ria LTDA<\/title>\n<meta name=\"robots\" content=\"index, follow, max-snippet:-1, max-image-preview:large, max-video-preview:-1\" \/>\n<link rel=\"canonical\" href=\"http:\/\/www.comercialvitorialtda.com.br\/loja\/trocas-e-devolucoes\/\" \/>\n<meta property=\"og:locale\" content=\"pt_BR\" \/>\n<meta property=\"og:type\" content=\"article\" \/>\n<meta property=\"og:title\" content=\"Trocas e Devolu\u00e7\u00f5es - Comercial Vit\u00f3ria LTDA\" \/>\n<meta property=\"og:description\" content=\"amet, consectetur adipiscing elit. Aliquam ultrices pretium nibh, quis consectetur nisl lobortis non. Aenean et arcu eget leo maximus congue non nec turpis. In porttitor a massa a sollicitudin. Nam at lacus ipsum. Mauris quis efficitur massa. Maecenas condimentum, nisi vitae fringilla vehicula, dolor velit euismod neque, vel volutpat nisi lectus a urna. In laoreet &hellip; Continua\" \/>\n<meta property=\"og:url\" content=\"http:\/\/www.comercialvitorialtda.com.br\/loja\/trocas-e-devolucoes\/\" \/>\n<meta property=\"og:site_name\" content=\"Comercial Vit\u00f3ria LTDA\" \/>\n<meta property=\"article:modified_time\" content=\"2020-07-01T13:49:14+00:00\" \/>\n<meta name=\"twitter:card\" content=\"summary_large_image\" \/>\n<meta name=\"twitter:label1\" content=\"Est. tempo de leitura\" \/>\n\t<meta name=\"twitter:data1\" content=\"2 minutos\" \/>\n<script type=\"application\/ld+json\" class=\"yoast-schema-graph\">{\"@context\":\"https:\/\/schema.org\",\"@graph\":[{\"@type\":\"WebPage\",\"@id\":\"http:\/\/www.comercialvitorialtda.com.br\/loja\/trocas-e-devolucoes\/\",\"url\":\"http:\/\/www.comercialvitorialtda.com.br\/loja\/trocas-e-devolucoes\/\",\"name\":\"Trocas e Devolu\u00e7\u00f5es - Comercial Vit\u00f3ria LTDA\",\"isPartOf\":{\"@id\":\"https:\/\/www.comercialvitorialtda.com.br\/loja\/#website\"},\"datePublished\":\"2020-07-01T13:47:01+00:00\",\"dateModified\":\"2020-07-01T13:49:14+00:00\",\"breadcrumb\":{\"@id\":\"http:\/\/www.comercialvitorialtda.com.br\/loja\/trocas-e-devolucoes\/#breadcrumb\"},\"inLanguage\":\"pt-BR\",\"potentialAction\":[{\"@type\":\"ReadAction\",\"target\":[\"http:\/\/www.comercialvitorialtda.com.br\/loja\/trocas-e-devolucoes\/\"]}]},{\"@type\":\"BreadcrumbList\",\"@id\":\"http:\/\/www.comercialvitorialtda.com.br\/loja\/trocas-e-devolucoes\/#breadcrumb\",\"itemListElement\":[{\"@type\":\"ListItem\",\"position\":1,\"name\":\"In\u00edcio\",\"item\":\"https:\/\/www.comercialvitorialtda.com.br\/loja\/\"},{\"@type\":\"ListItem\",\"position\":2,\"name\":\"Trocas e Devolu\u00e7\u00f5es\"}]},{\"@type\":\"WebSite\",\"@id\":\"https:\/\/www.comercialvitorialtda.com.br\/loja\/#website\",\"url\":\"https:\/\/www.comercialvitorialtda.com.br\/loja\/\",\"name\":\"Comercial Vit\u00f3ria LTDA\",\"description\":\"Empresa especializada no mercado de refrigera\u00e7\u00e3o comercial\",\"publisher\":{\"@id\":\"https:\/\/www.comercialvitorialtda.com.br\/loja\/#organization\"},\"potentialAction\":[{\"@type\":\"SearchAction\",\"target\":{\"@type\":\"EntryPoint\",\"urlTemplate\":\"https:\/\/www.comercialvitorialtda.com.br\/loja\/?s={search_term_string}\"},\"query-input\":\"required name=search_term_string\"}],\"inLanguage\":\"pt-BR\"},{\"@type\":\"Organization\",\"@id\":\"https:\/\/www.comercialvitorialtda.com.br\/loja\/#organization\",\"name\":\"Comercial Vit\u00f3ria\",\"url\":\"https:\/\/www.comercialvitorialtda.com.br\/loja\/\",\"sameAs\":[],\"logo\":{\"@type\":\"ImageObject\",\"inLanguage\":\"pt-BR\",\"@id\":\"https:\/\/www.comercialvitorialtda.com.br\/loja\/#\/schema\/logo\/image\/\",\"url\":\"http:\/\/www.comercialvitorialtda.com.br\/loja\/wp-content\/uploads\/2021\/04\/logotipo.png\",\"contentUrl\":\"http:\/\/www.comercialvitorialtda.com.br\/loja\/wp-content\/uploads\/2021\/04\/logotipo.png\",\"width\":225,\"height\":50,\"caption\":\"Comercial Vit\u00f3ria\"},\"image\":{\"@id\":\"https:\/\/www.comercialvitorialtda.com.br\/loja\/#\/schema\/logo\/image\/\"}}]}<\/script>\n<!-- \/ Yoast SEO plugin. -->","yoast_head_json":{"title":"Trocas e Devolu\u00e7\u00f5es - Comercial Vit\u00f3ria LTDA","robots":{"index":"index","follow":"follow","max-snippet":"max-snippet:-1","max-image-preview":"max-image-preview:large","max-video-preview":"max-video-preview:-1"},"canonical":"http:\/\/www.comercialvitorialtda.com.br\/loja\/trocas-e-devolucoes\/","og_locale":"pt_BR","og_type":"article","og_title":"Trocas e Devolu\u00e7\u00f5es - Comercial Vit\u00f3ria LTDA","og_description":"amet, consectetur adipiscing elit. Aliquam ultrices pretium nibh, quis consectetur nisl lobortis non. Aenean et arcu eget leo maximus congue non nec turpis. In porttitor a massa a sollicitudin. Nam at lacus ipsum. Mauris quis efficitur massa. Maecenas condimentum, nisi vitae fringilla vehicula, dolor velit euismod neque, vel volutpat nisi lectus a urna. In laoreet &hellip; Continua","og_url":"http:\/\/www.comercialvitorialtda.com.br\/loja\/trocas-e-devolucoes\/","og_site_name":"Comercial Vit\u00f3ria LTDA","article_modified_time":"2020-07-01T13:49:14+00:00","twitter_card":"summary_large_image","twitter_misc":{"Est. tempo de leitura":"2 minutos"},"schema":{"@context":"https:\/\/schema.org","@graph":[{"@type":"WebPage","@id":"http:\/\/www.comercialvitorialtda.com.br\/loja\/trocas-e-devolucoes\/","url":"http:\/\/www.comercialvitorialtda.com.br\/loja\/trocas-e-devolucoes\/","name":"Trocas e Devolu\u00e7\u00f5es - Comercial Vit\u00f3ria LTDA","isPartOf":{"@id":"https:\/\/www.comercialvitorialtda.com.br\/loja\/#website"},"datePublished":"2020-07-01T13:47:01+00:00","dateModified":"2020-07-01T13:49:14+00:00","breadcrumb":{"@id":"http:\/\/www.comercialvitorialtda.com.br\/loja\/trocas-e-devolucoes\/#breadcrumb"},"inLanguage":"pt-BR","potentialAction":[{"@type":"ReadAction","target":["http:\/\/www.comercialvitorialtda.com.br\/loja\/trocas-e-devolucoes\/"]}]},{"@type":"BreadcrumbList","@id":"http:\/\/www.comercialvitorialtda.com.br\/loja\/trocas-e-devolucoes\/#breadcrumb","itemListElement":[{"@type":"ListItem","position":1,"name":"In\u00edcio","item":"https:\/\/www.comercialvitorialtda.com.br\/loja\/"},{"@type":"ListItem","position":2,"name":"Trocas e Devolu\u00e7\u00f5es"}]},{"@type":"WebSite","@id":"https:\/\/www.comercialvitorialtda.com.br\/loja\/#website","url":"https:\/\/www.comercialvitorialtda.com.br\/loja\/","name":"Comercial Vit\u00f3ria LTDA","description":"Empresa especializada no mercado de refrigera\u00e7\u00e3o comercial","publisher":{"@id":"https:\/\/www.comercialvitorialtda.com.br\/loja\/#organization"},"potentialAction":[{"@type":"SearchAction","target":{"@type":"EntryPoint","urlTemplate":"https:\/\/www.comercialvitorialtda.com.br\/loja\/?s={search_term_string}"},"query-input":"required name=search_term_string"}],"inLanguage":"pt-BR"},{"@type":"Organization","@id":"https:\/\/www.comercialvitorialtda.com.br\/loja\/#organization","name":"Comercial Vit\u00f3ria","url":"https:\/\/www.comercialvitorialtda.com.br\/loja\/","sameAs":[],"logo":{"@type":"ImageObject","inLanguage":"pt-BR","@id":"https:\/\/www.comercialvitorialtda.com.br\/loja\/#\/schema\/logo\/image\/","url":"http:\/\/www.comercialvitorialtda.com.br\/loja\/wp-content\/uploads\/2021\/04\/logotipo.png","contentUrl":"http:\/\/www.comercialvitorialtda.com.br\/loja\/wp-content\/uploads\/2021\/04\/logotipo.png","width":225,"height":50,"caption":"Comercial Vit\u00f3ria"},"image":{"@id":"https:\/\/www.comercialvitorialtda.com.br\/loja\/#\/schema\/logo\/image\/"}}]}},"_links":{"self":[{"href":"https:\/\/www.comercialvitorialtda.com.br\/loja\/wp-json\/wp\/v2\/pages\/73"}],"collection":[{"href":"https:\/\/www.comercialvitorialtda.com.br\/loja\/wp-json\/wp\/v2\/pages"}],"about":[{"href":"https:\/\/www.comercialvitorialtda.com.br\/loja\/wp-json\/wp\/v2\/types\/page"}],"author":[{"embeddable":true,"href":"https:\/\/www.comercialvitorialtda.com.br\/loja\/wp-json\/wp\/v2\/users\/2"}],"replies":[{"embeddable":true,"href":"https:\/\/www.comercialvitorialtda.com.br\/loja\/wp-json\/wp\/v2\/comments?post=73"}],"version-history":[{"count":2,"href":"https:\/\/www.comercialvitorialtda.com.br\/loja\/wp-json\/wp\/v2\/pages\/73\/revisions"}],"predecessor-version":[{"id":81,"href":"https:\/\/www.comercialvitorialtda.com.br\/loja\/wp-json\/wp\/v2\/pages\/73\/revisions\/81"}],"wp:attachment":[{"href":"https:\/\/www.comercialvitorialtda.com.br\/loja\/wp-json\/wp\/v2\/media?parent=73"}],"curies":[{"name":"wp","href":"https:\/\/api.w.org\/{rel}","templated":true}]}}