{"id":71,"date":"2020-07-01T10:46:41","date_gmt":"2020-07-01T13:46:41","guid":{"rendered":"http:\/\/localhost\/acaradariqueza\/site\/?page_id=71"},"modified":"2020-07-01T10:48:56","modified_gmt":"2020-07-01T13:48:56","slug":"seguranca","status":"publish","type":"page","link":"https:\/\/www.comercialvitorialtda.com.br\/loja\/seguranca\/","title":{"rendered":"Seguran\u00e7a"},"content":{"rendered":"\n<p>Aficitur lectus ipsum at velit. Quisque sed magna scelerisque, posuere quam non, dictum lectus. Mauris lectus dui, pharetra a placerat a, faucibus ac risus. Mauris ut orci fermentum, posuere dolor eu, interdum neque. Donec in ex ex. Aliquam dignissim faucibus condimentum. Donec ipsum enim, varius ut arcu at, varius molestie lacus. Pellentesque luctus tortor non nisi mollis gravida a ac nunc.<\/p>\n\n\n\n<p>Morbi vestibulum bibendum nunc et elementum. Etiam commodo lobortis justo eu sagittis. Pellentesque aliquam porttitor eleifend. Cras blandit ante eu tellus dictum porttitor. Curabitur in metus blandit, dictum tellus at, porttitor dui. Integer nec turpis facilisis odio luctus tincidunt. In aliquam non augue ut condimentum. Ut dictum mollis quam id eleifend. Donec a nunc at ex blandit ornare ac ac nunc. Vestibulum sit amet justo sed quam aliquam blandit sed id erat. Donec luctus nec sem vel porttitor. Cras scelerisque sagittis malesuada.<\/p>\n\n\n\n<p>Cras faucibus odio eleifend neque aliquam, at facilisis dolor auctor. In nec risus non nibh ornare varius in et arcu. Mauris eu libero leo. Vestibulum et quam ex. Quisque nec tincidunt quam, vitae varius lectus. Etiam tincidunt enim nec enim vehicula venenatis. Nullam rhoncus ultrices ante. Duis non faucibus lacus, a rutrum enim. Praesent vitae sapien eget est rutrum mattis. Vivamus nulla nunc, cursus nec hendrerit eu, imperdiet non nulla. Donec feugiat quam neque, vitae porta ipsum cursus vel. Nam accumsan sapien a vestibulum porta. Praesent pellentesque dui quis mauris ultrices, nec ullamcorper urna placerat. Vestibulum auctor molestie ultricies.<\/p>\n","protected":false},"excerpt":{"rendered":"<p>Aficitur lectus ipsum at velit. Quisque sed magna scelerisque, posuere quam non, dictum lectus. Mauris lectus dui, pharetra a placerat a, faucibus ac risus. Mauris ut orci fermentum, posuere dolor eu, interdum neque. Donec in ex ex. Aliquam dignissim faucibus condimentum. Donec ipsum enim, varius ut arcu at, varius molestie lacus. Pellentesque luctus tortor non &hellip; <a href=\"https:\/\/www.comercialvitorialtda.com.br\/loja\/seguranca\/\">Continua<\/a><\/p>\n","protected":false},"author":2,"featured_media":0,"parent":0,"menu_order":0,"comment_status":"closed","ping_status":"closed","template":"page-padrao.php","meta":[],"acf":[],"yoast_head":"<!-- This site is optimized with the Yoast SEO plugin v19.8 - https:\/\/yoast.com\/wordpress\/plugins\/seo\/ -->\n<title>Seguran\u00e7a - Comercial Vit\u00f3ria LTDA<\/title>\n<meta name=\"robots\" content=\"index, follow, max-snippet:-1, max-image-preview:large, max-video-preview:-1\" \/>\n<link rel=\"canonical\" href=\"https:\/\/www.comercialvitorialtda.com.br\/loja\/seguranca\/\" \/>\n<meta property=\"og:locale\" content=\"pt_BR\" \/>\n<meta property=\"og:type\" content=\"article\" \/>\n<meta property=\"og:title\" content=\"Seguran\u00e7a - Comercial Vit\u00f3ria LTDA\" \/>\n<meta property=\"og:description\" content=\"Aficitur lectus ipsum at velit. Quisque sed magna scelerisque, posuere quam non, dictum lectus. Mauris lectus dui, pharetra a placerat a, faucibus ac risus. Mauris ut orci fermentum, posuere dolor eu, interdum neque. Donec in ex ex. Aliquam dignissim faucibus condimentum. Donec ipsum enim, varius ut arcu at, varius molestie lacus. Pellentesque luctus tortor non &hellip; Continua\" \/>\n<meta property=\"og:url\" content=\"https:\/\/www.comercialvitorialtda.com.br\/loja\/seguranca\/\" \/>\n<meta property=\"og:site_name\" content=\"Comercial Vit\u00f3ria LTDA\" \/>\n<meta property=\"article:modified_time\" content=\"2020-07-01T13:48:56+00:00\" \/>\n<meta name=\"twitter:card\" content=\"summary_large_image\" \/>\n<meta name=\"twitter:label1\" content=\"Est. tempo de leitura\" \/>\n\t<meta name=\"twitter:data1\" content=\"1 minuto\" \/>\n<script type=\"application\/ld+json\" class=\"yoast-schema-graph\">{\"@context\":\"https:\/\/schema.org\",\"@graph\":[{\"@type\":\"WebPage\",\"@id\":\"https:\/\/www.comercialvitorialtda.com.br\/loja\/seguranca\/\",\"url\":\"https:\/\/www.comercialvitorialtda.com.br\/loja\/seguranca\/\",\"name\":\"Seguran\u00e7a - Comercial Vit\u00f3ria LTDA\",\"isPartOf\":{\"@id\":\"https:\/\/www.comercialvitorialtda.com.br\/loja\/#website\"},\"datePublished\":\"2020-07-01T13:46:41+00:00\",\"dateModified\":\"2020-07-01T13:48:56+00:00\",\"breadcrumb\":{\"@id\":\"https:\/\/www.comercialvitorialtda.com.br\/loja\/seguranca\/#breadcrumb\"},\"inLanguage\":\"pt-BR\",\"potentialAction\":[{\"@type\":\"ReadAction\",\"target\":[\"https:\/\/www.comercialvitorialtda.com.br\/loja\/seguranca\/\"]}]},{\"@type\":\"BreadcrumbList\",\"@id\":\"https:\/\/www.comercialvitorialtda.com.br\/loja\/seguranca\/#breadcrumb\",\"itemListElement\":[{\"@type\":\"ListItem\",\"position\":1,\"name\":\"In\u00edcio\",\"item\":\"https:\/\/www.comercialvitorialtda.com.br\/loja\/\"},{\"@type\":\"ListItem\",\"position\":2,\"name\":\"Seguran\u00e7a\"}]},{\"@type\":\"WebSite\",\"@id\":\"https:\/\/www.comercialvitorialtda.com.br\/loja\/#website\",\"url\":\"https:\/\/www.comercialvitorialtda.com.br\/loja\/\",\"name\":\"Comercial Vit\u00f3ria LTDA\",\"description\":\"Empresa especializada no mercado de refrigera\u00e7\u00e3o comercial\",\"publisher\":{\"@id\":\"https:\/\/www.comercialvitorialtda.com.br\/loja\/#organization\"},\"potentialAction\":[{\"@type\":\"SearchAction\",\"target\":{\"@type\":\"EntryPoint\",\"urlTemplate\":\"https:\/\/www.comercialvitorialtda.com.br\/loja\/?s={search_term_string}\"},\"query-input\":\"required name=search_term_string\"}],\"inLanguage\":\"pt-BR\"},{\"@type\":\"Organization\",\"@id\":\"https:\/\/www.comercialvitorialtda.com.br\/loja\/#organization\",\"name\":\"Comercial Vit\u00f3ria\",\"url\":\"https:\/\/www.comercialvitorialtda.com.br\/loja\/\",\"sameAs\":[],\"logo\":{\"@type\":\"ImageObject\",\"inLanguage\":\"pt-BR\",\"@id\":\"https:\/\/www.comercialvitorialtda.com.br\/loja\/#\/schema\/logo\/image\/\",\"url\":\"http:\/\/www.comercialvitorialtda.com.br\/loja\/wp-content\/uploads\/2021\/04\/logotipo.png\",\"contentUrl\":\"http:\/\/www.comercialvitorialtda.com.br\/loja\/wp-content\/uploads\/2021\/04\/logotipo.png\",\"width\":225,\"height\":50,\"caption\":\"Comercial Vit\u00f3ria\"},\"image\":{\"@id\":\"https:\/\/www.comercialvitorialtda.com.br\/loja\/#\/schema\/logo\/image\/\"}}]}<\/script>\n<!-- \/ Yoast SEO plugin. -->","yoast_head_json":{"title":"Seguran\u00e7a - Comercial Vit\u00f3ria LTDA","robots":{"index":"index","follow":"follow","max-snippet":"max-snippet:-1","max-image-preview":"max-image-preview:large","max-video-preview":"max-video-preview:-1"},"canonical":"https:\/\/www.comercialvitorialtda.com.br\/loja\/seguranca\/","og_locale":"pt_BR","og_type":"article","og_title":"Seguran\u00e7a - Comercial Vit\u00f3ria LTDA","og_description":"Aficitur lectus ipsum at velit. Quisque sed magna scelerisque, posuere quam non, dictum lectus. Mauris lectus dui, pharetra a placerat a, faucibus ac risus. Mauris ut orci fermentum, posuere dolor eu, interdum neque. Donec in ex ex. Aliquam dignissim faucibus condimentum. Donec ipsum enim, varius ut arcu at, varius molestie lacus. Pellentesque luctus tortor non &hellip; Continua","og_url":"https:\/\/www.comercialvitorialtda.com.br\/loja\/seguranca\/","og_site_name":"Comercial Vit\u00f3ria LTDA","article_modified_time":"2020-07-01T13:48:56+00:00","twitter_card":"summary_large_image","twitter_misc":{"Est. tempo de leitura":"1 minuto"},"schema":{"@context":"https:\/\/schema.org","@graph":[{"@type":"WebPage","@id":"https:\/\/www.comercialvitorialtda.com.br\/loja\/seguranca\/","url":"https:\/\/www.comercialvitorialtda.com.br\/loja\/seguranca\/","name":"Seguran\u00e7a - Comercial Vit\u00f3ria LTDA","isPartOf":{"@id":"https:\/\/www.comercialvitorialtda.com.br\/loja\/#website"},"datePublished":"2020-07-01T13:46:41+00:00","dateModified":"2020-07-01T13:48:56+00:00","breadcrumb":{"@id":"https:\/\/www.comercialvitorialtda.com.br\/loja\/seguranca\/#breadcrumb"},"inLanguage":"pt-BR","potentialAction":[{"@type":"ReadAction","target":["https:\/\/www.comercialvitorialtda.com.br\/loja\/seguranca\/"]}]},{"@type":"BreadcrumbList","@id":"https:\/\/www.comercialvitorialtda.com.br\/loja\/seguranca\/#breadcrumb","itemListElement":[{"@type":"ListItem","position":1,"name":"In\u00edcio","item":"https:\/\/www.comercialvitorialtda.com.br\/loja\/"},{"@type":"ListItem","position":2,"name":"Seguran\u00e7a"}]},{"@type":"WebSite","@id":"https:\/\/www.comercialvitorialtda.com.br\/loja\/#website","url":"https:\/\/www.comercialvitorialtda.com.br\/loja\/","name":"Comercial Vit\u00f3ria LTDA","description":"Empresa especializada no mercado de refrigera\u00e7\u00e3o comercial","publisher":{"@id":"https:\/\/www.comercialvitorialtda.com.br\/loja\/#organization"},"potentialAction":[{"@type":"SearchAction","target":{"@type":"EntryPoint","urlTemplate":"https:\/\/www.comercialvitorialtda.com.br\/loja\/?s={search_term_string}"},"query-input":"required name=search_term_string"}],"inLanguage":"pt-BR"},{"@type":"Organization","@id":"https:\/\/www.comercialvitorialtda.com.br\/loja\/#organization","name":"Comercial Vit\u00f3ria","url":"https:\/\/www.comercialvitorialtda.com.br\/loja\/","sameAs":[],"logo":{"@type":"ImageObject","inLanguage":"pt-BR","@id":"https:\/\/www.comercialvitorialtda.com.br\/loja\/#\/schema\/logo\/image\/","url":"http:\/\/www.comercialvitorialtda.com.br\/loja\/wp-content\/uploads\/2021\/04\/logotipo.png","contentUrl":"http:\/\/www.comercialvitorialtda.com.br\/loja\/wp-content\/uploads\/2021\/04\/logotipo.png","width":225,"height":50,"caption":"Comercial Vit\u00f3ria"},"image":{"@id":"https:\/\/www.comercialvitorialtda.com.br\/loja\/#\/schema\/logo\/image\/"}}]}},"_links":{"self":[{"href":"https:\/\/www.comercialvitorialtda.com.br\/loja\/wp-json\/wp\/v2\/pages\/71"}],"collection":[{"href":"https:\/\/www.comercialvitorialtda.com.br\/loja\/wp-json\/wp\/v2\/pages"}],"about":[{"href":"https:\/\/www.comercialvitorialtda.com.br\/loja\/wp-json\/wp\/v2\/types\/page"}],"author":[{"embeddable":true,"href":"https:\/\/www.comercialvitorialtda.com.br\/loja\/wp-json\/wp\/v2\/users\/2"}],"replies":[{"embeddable":true,"href":"https:\/\/www.comercialvitorialtda.com.br\/loja\/wp-json\/wp\/v2\/comments?post=71"}],"version-history":[{"count":2,"href":"https:\/\/www.comercialvitorialtda.com.br\/loja\/wp-json\/wp\/v2\/pages\/71\/revisions"}],"predecessor-version":[{"id":79,"href":"https:\/\/www.comercialvitorialtda.com.br\/loja\/wp-json\/wp\/v2\/pages\/71\/revisions\/79"}],"wp:attachment":[{"href":"https:\/\/www.comercialvitorialtda.com.br\/loja\/wp-json\/wp\/v2\/media?parent=71"}],"curies":[{"name":"wp","href":"https:\/\/api.w.org\/{rel}","templated":true}]}}