{"id":69,"date":"2020-07-01T10:46:28","date_gmt":"2020-07-01T13:46:28","guid":{"rendered":"http:\/\/localhost\/acaradariqueza\/site\/?page_id=69"},"modified":"2020-07-01T10:47:36","modified_gmt":"2020-07-01T13:47:36","slug":"central-de-atendimento","status":"publish","type":"page","link":"https:\/\/www.comercialvitorialtda.com.br\/loja\/central-de-atendimento\/","title":{"rendered":"Central de Atendimento"},"content":{"rendered":"\n<p>Lorem ipsum dolor sit amet, consectetur adipiscing elit. Aliquam ultrices pretium nibh, quis consectetur nisl lobortis non. Aenean et arcu eget leo maximus congue non nec turpis. In porttitor a massa a sollicitudin. Nam at lacus ipsum. Mauris quis efficitur massa.<\/p>\n\n\n\n<p> Maecenas condimentum, nisi vitae fringilla vehicula, dolor velit euismod neque, vel volutpat nisi lectus a urna. In laoreet nisi odio, nec porta arcu condimentum ac. Sed sit amet mi vel dolor vehicula imperdiet vel a lacus. Nam lacinia leo urna, et pellentesque nunc lobortis id. Ut commodo elit sed cursus imperdiet.<\/p>\n\n\n\n<p>Nam vel mauris eu velit feugiat gravida. Proin neque nisi, rhoncus eu vestibulum quis, semper non urna. Nulla semper turpis eget nulla egestas tristique. Vivamus rhoncus nisl id risus aliquam, nec tristique dui laoreet. Proin suscipit at leo quis ultrices. Ut in ante nunc. Curabitur turpis diam, malesuada id efficitur a, sollicitudin eu nulla.<\/p>\n","protected":false},"excerpt":{"rendered":"<p>Lorem ipsum dolor sit amet, consectetur adipiscing elit. Aliquam ultrices pretium nibh, quis consectetur nisl lobortis non. Aenean et arcu eget leo maximus congue non nec turpis. In porttitor a massa a sollicitudin. Nam at lacus ipsum. Mauris quis efficitur massa. Maecenas condimentum, nisi vitae fringilla vehicula, dolor velit euismod neque, vel volutpat nisi lectus &hellip; <a href=\"https:\/\/www.comercialvitorialtda.com.br\/loja\/central-de-atendimento\/\">Continua<\/a><\/p>\n","protected":false},"author":2,"featured_media":0,"parent":0,"menu_order":0,"comment_status":"closed","ping_status":"closed","template":"page-padrao.php","meta":[],"acf":[],"yoast_head":"<!-- This site is optimized with the Yoast SEO plugin v19.8 - https:\/\/yoast.com\/wordpress\/plugins\/seo\/ -->\n<title>Central de Atendimento - Comercial Vit\u00f3ria LTDA<\/title>\n<meta name=\"robots\" content=\"index, follow, max-snippet:-1, max-image-preview:large, max-video-preview:-1\" \/>\n<link rel=\"canonical\" href=\"https:\/\/www.comercialvitorialtda.com.br\/loja\/central-de-atendimento\/\" \/>\n<meta property=\"og:locale\" content=\"pt_BR\" \/>\n<meta property=\"og:type\" content=\"article\" \/>\n<meta property=\"og:title\" content=\"Central de Atendimento - Comercial Vit\u00f3ria LTDA\" \/>\n<meta property=\"og:description\" content=\"Lorem ipsum dolor sit amet, consectetur adipiscing elit. Aliquam ultrices pretium nibh, quis consectetur nisl lobortis non. Aenean et arcu eget leo maximus congue non nec turpis. In porttitor a massa a sollicitudin. Nam at lacus ipsum. Mauris quis efficitur massa. Maecenas condimentum, nisi vitae fringilla vehicula, dolor velit euismod neque, vel volutpat nisi lectus &hellip; Continua\" \/>\n<meta property=\"og:url\" content=\"https:\/\/www.comercialvitorialtda.com.br\/loja\/central-de-atendimento\/\" \/>\n<meta property=\"og:site_name\" content=\"Comercial Vit\u00f3ria LTDA\" \/>\n<meta property=\"article:modified_time\" content=\"2020-07-01T13:47:36+00:00\" \/>\n<meta name=\"twitter:card\" content=\"summary_large_image\" \/>\n<meta name=\"twitter:label1\" content=\"Est. tempo de leitura\" \/>\n\t<meta name=\"twitter:data1\" content=\"1 minuto\" \/>\n<script type=\"application\/ld+json\" class=\"yoast-schema-graph\">{\"@context\":\"https:\/\/schema.org\",\"@graph\":[{\"@type\":\"WebPage\",\"@id\":\"https:\/\/www.comercialvitorialtda.com.br\/loja\/central-de-atendimento\/\",\"url\":\"https:\/\/www.comercialvitorialtda.com.br\/loja\/central-de-atendimento\/\",\"name\":\"Central de Atendimento - Comercial Vit\u00f3ria LTDA\",\"isPartOf\":{\"@id\":\"https:\/\/www.comercialvitorialtda.com.br\/loja\/#website\"},\"datePublished\":\"2020-07-01T13:46:28+00:00\",\"dateModified\":\"2020-07-01T13:47:36+00:00\",\"breadcrumb\":{\"@id\":\"https:\/\/www.comercialvitorialtda.com.br\/loja\/central-de-atendimento\/#breadcrumb\"},\"inLanguage\":\"pt-BR\",\"potentialAction\":[{\"@type\":\"ReadAction\",\"target\":[\"https:\/\/www.comercialvitorialtda.com.br\/loja\/central-de-atendimento\/\"]}]},{\"@type\":\"BreadcrumbList\",\"@id\":\"https:\/\/www.comercialvitorialtda.com.br\/loja\/central-de-atendimento\/#breadcrumb\",\"itemListElement\":[{\"@type\":\"ListItem\",\"position\":1,\"name\":\"In\u00edcio\",\"item\":\"https:\/\/www.comercialvitorialtda.com.br\/loja\/\"},{\"@type\":\"ListItem\",\"position\":2,\"name\":\"Central de Atendimento\"}]},{\"@type\":\"WebSite\",\"@id\":\"https:\/\/www.comercialvitorialtda.com.br\/loja\/#website\",\"url\":\"https:\/\/www.comercialvitorialtda.com.br\/loja\/\",\"name\":\"Comercial Vit\u00f3ria LTDA\",\"description\":\"Empresa especializada no mercado de refrigera\u00e7\u00e3o comercial\",\"publisher\":{\"@id\":\"https:\/\/www.comercialvitorialtda.com.br\/loja\/#organization\"},\"potentialAction\":[{\"@type\":\"SearchAction\",\"target\":{\"@type\":\"EntryPoint\",\"urlTemplate\":\"https:\/\/www.comercialvitorialtda.com.br\/loja\/?s={search_term_string}\"},\"query-input\":\"required name=search_term_string\"}],\"inLanguage\":\"pt-BR\"},{\"@type\":\"Organization\",\"@id\":\"https:\/\/www.comercialvitorialtda.com.br\/loja\/#organization\",\"name\":\"Comercial Vit\u00f3ria\",\"url\":\"https:\/\/www.comercialvitorialtda.com.br\/loja\/\",\"sameAs\":[],\"logo\":{\"@type\":\"ImageObject\",\"inLanguage\":\"pt-BR\",\"@id\":\"https:\/\/www.comercialvitorialtda.com.br\/loja\/#\/schema\/logo\/image\/\",\"url\":\"http:\/\/www.comercialvitorialtda.com.br\/loja\/wp-content\/uploads\/2021\/04\/logotipo.png\",\"contentUrl\":\"http:\/\/www.comercialvitorialtda.com.br\/loja\/wp-content\/uploads\/2021\/04\/logotipo.png\",\"width\":225,\"height\":50,\"caption\":\"Comercial Vit\u00f3ria\"},\"image\":{\"@id\":\"https:\/\/www.comercialvitorialtda.com.br\/loja\/#\/schema\/logo\/image\/\"}}]}<\/script>\n<!-- \/ Yoast SEO plugin. -->","yoast_head_json":{"title":"Central de Atendimento - Comercial Vit\u00f3ria LTDA","robots":{"index":"index","follow":"follow","max-snippet":"max-snippet:-1","max-image-preview":"max-image-preview:large","max-video-preview":"max-video-preview:-1"},"canonical":"https:\/\/www.comercialvitorialtda.com.br\/loja\/central-de-atendimento\/","og_locale":"pt_BR","og_type":"article","og_title":"Central de Atendimento - Comercial Vit\u00f3ria LTDA","og_description":"Lorem ipsum dolor sit amet, consectetur adipiscing elit. Aliquam ultrices pretium nibh, quis consectetur nisl lobortis non. Aenean et arcu eget leo maximus congue non nec turpis. In porttitor a massa a sollicitudin. Nam at lacus ipsum. Mauris quis efficitur massa. Maecenas condimentum, nisi vitae fringilla vehicula, dolor velit euismod neque, vel volutpat nisi lectus &hellip; Continua","og_url":"https:\/\/www.comercialvitorialtda.com.br\/loja\/central-de-atendimento\/","og_site_name":"Comercial Vit\u00f3ria LTDA","article_modified_time":"2020-07-01T13:47:36+00:00","twitter_card":"summary_large_image","twitter_misc":{"Est. tempo de leitura":"1 minuto"},"schema":{"@context":"https:\/\/schema.org","@graph":[{"@type":"WebPage","@id":"https:\/\/www.comercialvitorialtda.com.br\/loja\/central-de-atendimento\/","url":"https:\/\/www.comercialvitorialtda.com.br\/loja\/central-de-atendimento\/","name":"Central de Atendimento - Comercial Vit\u00f3ria LTDA","isPartOf":{"@id":"https:\/\/www.comercialvitorialtda.com.br\/loja\/#website"},"datePublished":"2020-07-01T13:46:28+00:00","dateModified":"2020-07-01T13:47:36+00:00","breadcrumb":{"@id":"https:\/\/www.comercialvitorialtda.com.br\/loja\/central-de-atendimento\/#breadcrumb"},"inLanguage":"pt-BR","potentialAction":[{"@type":"ReadAction","target":["https:\/\/www.comercialvitorialtda.com.br\/loja\/central-de-atendimento\/"]}]},{"@type":"BreadcrumbList","@id":"https:\/\/www.comercialvitorialtda.com.br\/loja\/central-de-atendimento\/#breadcrumb","itemListElement":[{"@type":"ListItem","position":1,"name":"In\u00edcio","item":"https:\/\/www.comercialvitorialtda.com.br\/loja\/"},{"@type":"ListItem","position":2,"name":"Central de Atendimento"}]},{"@type":"WebSite","@id":"https:\/\/www.comercialvitorialtda.com.br\/loja\/#website","url":"https:\/\/www.comercialvitorialtda.com.br\/loja\/","name":"Comercial Vit\u00f3ria LTDA","description":"Empresa especializada no mercado de refrigera\u00e7\u00e3o comercial","publisher":{"@id":"https:\/\/www.comercialvitorialtda.com.br\/loja\/#organization"},"potentialAction":[{"@type":"SearchAction","target":{"@type":"EntryPoint","urlTemplate":"https:\/\/www.comercialvitorialtda.com.br\/loja\/?s={search_term_string}"},"query-input":"required name=search_term_string"}],"inLanguage":"pt-BR"},{"@type":"Organization","@id":"https:\/\/www.comercialvitorialtda.com.br\/loja\/#organization","name":"Comercial Vit\u00f3ria","url":"https:\/\/www.comercialvitorialtda.com.br\/loja\/","sameAs":[],"logo":{"@type":"ImageObject","inLanguage":"pt-BR","@id":"https:\/\/www.comercialvitorialtda.com.br\/loja\/#\/schema\/logo\/image\/","url":"http:\/\/www.comercialvitorialtda.com.br\/loja\/wp-content\/uploads\/2021\/04\/logotipo.png","contentUrl":"http:\/\/www.comercialvitorialtda.com.br\/loja\/wp-content\/uploads\/2021\/04\/logotipo.png","width":225,"height":50,"caption":"Comercial Vit\u00f3ria"},"image":{"@id":"https:\/\/www.comercialvitorialtda.com.br\/loja\/#\/schema\/logo\/image\/"}}]}},"_links":{"self":[{"href":"https:\/\/www.comercialvitorialtda.com.br\/loja\/wp-json\/wp\/v2\/pages\/69"}],"collection":[{"href":"https:\/\/www.comercialvitorialtda.com.br\/loja\/wp-json\/wp\/v2\/pages"}],"about":[{"href":"https:\/\/www.comercialvitorialtda.com.br\/loja\/wp-json\/wp\/v2\/types\/page"}],"author":[{"embeddable":true,"href":"https:\/\/www.comercialvitorialtda.com.br\/loja\/wp-json\/wp\/v2\/users\/2"}],"replies":[{"embeddable":true,"href":"https:\/\/www.comercialvitorialtda.com.br\/loja\/wp-json\/wp\/v2\/comments?post=69"}],"version-history":[{"count":2,"href":"https:\/\/www.comercialvitorialtda.com.br\/loja\/wp-json\/wp\/v2\/pages\/69\/revisions"}],"predecessor-version":[{"id":75,"href":"https:\/\/www.comercialvitorialtda.com.br\/loja\/wp-json\/wp\/v2\/pages\/69\/revisions\/75"}],"wp:attachment":[{"href":"https:\/\/www.comercialvitorialtda.com.br\/loja\/wp-json\/wp\/v2\/media?parent=69"}],"curies":[{"name":"wp","href":"https:\/\/api.w.org\/{rel}","templated":true}]}}