{"id":15,"date":"2018-04-16T08:53:15","date_gmt":"2018-04-16T11:53:15","guid":{"rendered":"http:\/\/localhost\/base\/sitenovo\/?page_id=15"},"modified":"2020-06-16T16:59:45","modified_gmt":"2020-06-16T19:59:45","slug":"fale-conosco","status":"publish","type":"page","link":"https:\/\/www.comercialvitorialtda.com.br\/loja\/fale-conosco\/","title":{"rendered":"Fale Conosco"},"content":{"rendered":"<p>Preencha o formul\u00e1rio abaixo para entrar em contato conosco.<br \/>\nOu fale conosco atrav\u00e9s de nosso telefone, e-mail e endere\u00e7o <span class=\"d-none d-md-inline\">ao lado<\/span><span class=\"d-md-none\">abaixo<\/span> do formul\u00e1rio.<\/p>\n","protected":false},"excerpt":{"rendered":"<p>Preencha o formul\u00e1rio abaixo para entrar em contato conosco. Ou fale conosco atrav\u00e9s de nosso telefone, e-mail e endere\u00e7o ao ladoabaixo do formul\u00e1rio.<\/p>\n","protected":false},"author":2,"featured_media":0,"parent":0,"menu_order":0,"comment_status":"closed","ping_status":"closed","template":"page-fale-conosco.php","meta":[],"acf":[],"yoast_head":"<!-- This site is optimized with the Yoast SEO plugin v19.8 - https:\/\/yoast.com\/wordpress\/plugins\/seo\/ -->\n<title>Fale Conosco - Comercial Vit\u00f3ria LTDA<\/title>\n<meta name=\"robots\" content=\"index, follow, max-snippet:-1, max-image-preview:large, max-video-preview:-1\" \/>\n<link rel=\"canonical\" href=\"https:\/\/www.comercialvitorialtda.com.br\/loja\/fale-conosco\/\" \/>\n<meta property=\"og:locale\" content=\"pt_BR\" \/>\n<meta property=\"og:type\" content=\"article\" \/>\n<meta property=\"og:title\" content=\"Fale Conosco - Comercial Vit\u00f3ria LTDA\" \/>\n<meta property=\"og:description\" content=\"Preencha o formul\u00e1rio abaixo para entrar em contato conosco. Ou fale conosco atrav\u00e9s de nosso telefone, e-mail e endere\u00e7o ao ladoabaixo do formul\u00e1rio.\" \/>\n<meta property=\"og:url\" content=\"https:\/\/www.comercialvitorialtda.com.br\/loja\/fale-conosco\/\" \/>\n<meta property=\"og:site_name\" content=\"Comercial Vit\u00f3ria LTDA\" \/>\n<meta property=\"article:modified_time\" content=\"2020-06-16T19:59:45+00:00\" \/>\n<meta name=\"twitter:card\" content=\"summary_large_image\" \/>\n<script type=\"application\/ld+json\" class=\"yoast-schema-graph\">{\"@context\":\"https:\/\/schema.org\",\"@graph\":[{\"@type\":\"WebPage\",\"@id\":\"https:\/\/www.comercialvitorialtda.com.br\/loja\/fale-conosco\/\",\"url\":\"https:\/\/www.comercialvitorialtda.com.br\/loja\/fale-conosco\/\",\"name\":\"Fale Conosco - Comercial Vit\u00f3ria LTDA\",\"isPartOf\":{\"@id\":\"https:\/\/www.comercialvitorialtda.com.br\/loja\/#website\"},\"datePublished\":\"2018-04-16T11:53:15+00:00\",\"dateModified\":\"2020-06-16T19:59:45+00:00\",\"breadcrumb\":{\"@id\":\"https:\/\/www.comercialvitorialtda.com.br\/loja\/fale-conosco\/#breadcrumb\"},\"inLanguage\":\"pt-BR\",\"potentialAction\":[{\"@type\":\"ReadAction\",\"target\":[\"https:\/\/www.comercialvitorialtda.com.br\/loja\/fale-conosco\/\"]}]},{\"@type\":\"BreadcrumbList\",\"@id\":\"https:\/\/www.comercialvitorialtda.com.br\/loja\/fale-conosco\/#breadcrumb\",\"itemListElement\":[{\"@type\":\"ListItem\",\"position\":1,\"name\":\"In\u00edcio\",\"item\":\"https:\/\/www.comercialvitorialtda.com.br\/loja\/\"},{\"@type\":\"ListItem\",\"position\":2,\"name\":\"Fale Conosco\"}]},{\"@type\":\"WebSite\",\"@id\":\"https:\/\/www.comercialvitorialtda.com.br\/loja\/#website\",\"url\":\"https:\/\/www.comercialvitorialtda.com.br\/loja\/\",\"name\":\"Comercial Vit\u00f3ria LTDA\",\"description\":\"Empresa especializada no mercado de refrigera\u00e7\u00e3o comercial\",\"publisher\":{\"@id\":\"https:\/\/www.comercialvitorialtda.com.br\/loja\/#organization\"},\"potentialAction\":[{\"@type\":\"SearchAction\",\"target\":{\"@type\":\"EntryPoint\",\"urlTemplate\":\"https:\/\/www.comercialvitorialtda.com.br\/loja\/?s={search_term_string}\"},\"query-input\":\"required name=search_term_string\"}],\"inLanguage\":\"pt-BR\"},{\"@type\":\"Organization\",\"@id\":\"https:\/\/www.comercialvitorialtda.com.br\/loja\/#organization\",\"name\":\"Comercial Vit\u00f3ria\",\"url\":\"https:\/\/www.comercialvitorialtda.com.br\/loja\/\",\"sameAs\":[],\"logo\":{\"@type\":\"ImageObject\",\"inLanguage\":\"pt-BR\",\"@id\":\"https:\/\/www.comercialvitorialtda.com.br\/loja\/#\/schema\/logo\/image\/\",\"url\":\"http:\/\/www.comercialvitorialtda.com.br\/loja\/wp-content\/uploads\/2021\/04\/logotipo.png\",\"contentUrl\":\"http:\/\/www.comercialvitorialtda.com.br\/loja\/wp-content\/uploads\/2021\/04\/logotipo.png\",\"width\":225,\"height\":50,\"caption\":\"Comercial Vit\u00f3ria\"},\"image\":{\"@id\":\"https:\/\/www.comercialvitorialtda.com.br\/loja\/#\/schema\/logo\/image\/\"}}]}<\/script>\n<!-- \/ Yoast SEO plugin. -->","yoast_head_json":{"title":"Fale Conosco - Comercial Vit\u00f3ria LTDA","robots":{"index":"index","follow":"follow","max-snippet":"max-snippet:-1","max-image-preview":"max-image-preview:large","max-video-preview":"max-video-preview:-1"},"canonical":"https:\/\/www.comercialvitorialtda.com.br\/loja\/fale-conosco\/","og_locale":"pt_BR","og_type":"article","og_title":"Fale Conosco - Comercial Vit\u00f3ria LTDA","og_description":"Preencha o formul\u00e1rio abaixo para entrar em contato conosco. Ou fale conosco atrav\u00e9s de nosso telefone, e-mail e endere\u00e7o ao ladoabaixo do formul\u00e1rio.","og_url":"https:\/\/www.comercialvitorialtda.com.br\/loja\/fale-conosco\/","og_site_name":"Comercial Vit\u00f3ria LTDA","article_modified_time":"2020-06-16T19:59:45+00:00","twitter_card":"summary_large_image","schema":{"@context":"https:\/\/schema.org","@graph":[{"@type":"WebPage","@id":"https:\/\/www.comercialvitorialtda.com.br\/loja\/fale-conosco\/","url":"https:\/\/www.comercialvitorialtda.com.br\/loja\/fale-conosco\/","name":"Fale Conosco - Comercial Vit\u00f3ria LTDA","isPartOf":{"@id":"https:\/\/www.comercialvitorialtda.com.br\/loja\/#website"},"datePublished":"2018-04-16T11:53:15+00:00","dateModified":"2020-06-16T19:59:45+00:00","breadcrumb":{"@id":"https:\/\/www.comercialvitorialtda.com.br\/loja\/fale-conosco\/#breadcrumb"},"inLanguage":"pt-BR","potentialAction":[{"@type":"ReadAction","target":["https:\/\/www.comercialvitorialtda.com.br\/loja\/fale-conosco\/"]}]},{"@type":"BreadcrumbList","@id":"https:\/\/www.comercialvitorialtda.com.br\/loja\/fale-conosco\/#breadcrumb","itemListElement":[{"@type":"ListItem","position":1,"name":"In\u00edcio","item":"https:\/\/www.comercialvitorialtda.com.br\/loja\/"},{"@type":"ListItem","position":2,"name":"Fale Conosco"}]},{"@type":"WebSite","@id":"https:\/\/www.comercialvitorialtda.com.br\/loja\/#website","url":"https:\/\/www.comercialvitorialtda.com.br\/loja\/","name":"Comercial Vit\u00f3ria LTDA","description":"Empresa especializada no mercado de refrigera\u00e7\u00e3o comercial","publisher":{"@id":"https:\/\/www.comercialvitorialtda.com.br\/loja\/#organization"},"potentialAction":[{"@type":"SearchAction","target":{"@type":"EntryPoint","urlTemplate":"https:\/\/www.comercialvitorialtda.com.br\/loja\/?s={search_term_string}"},"query-input":"required name=search_term_string"}],"inLanguage":"pt-BR"},{"@type":"Organization","@id":"https:\/\/www.comercialvitorialtda.com.br\/loja\/#organization","name":"Comercial Vit\u00f3ria","url":"https:\/\/www.comercialvitorialtda.com.br\/loja\/","sameAs":[],"logo":{"@type":"ImageObject","inLanguage":"pt-BR","@id":"https:\/\/www.comercialvitorialtda.com.br\/loja\/#\/schema\/logo\/image\/","url":"http:\/\/www.comercialvitorialtda.com.br\/loja\/wp-content\/uploads\/2021\/04\/logotipo.png","contentUrl":"http:\/\/www.comercialvitorialtda.com.br\/loja\/wp-content\/uploads\/2021\/04\/logotipo.png","width":225,"height":50,"caption":"Comercial Vit\u00f3ria"},"image":{"@id":"https:\/\/www.comercialvitorialtda.com.br\/loja\/#\/schema\/logo\/image\/"}}]}},"_links":{"self":[{"href":"https:\/\/www.comercialvitorialtda.com.br\/loja\/wp-json\/wp\/v2\/pages\/15"}],"collection":[{"href":"https:\/\/www.comercialvitorialtda.com.br\/loja\/wp-json\/wp\/v2\/pages"}],"about":[{"href":"https:\/\/www.comercialvitorialtda.com.br\/loja\/wp-json\/wp\/v2\/types\/page"}],"author":[{"embeddable":true,"href":"https:\/\/www.comercialvitorialtda.com.br\/loja\/wp-json\/wp\/v2\/users\/2"}],"replies":[{"embeddable":true,"href":"https:\/\/www.comercialvitorialtda.com.br\/loja\/wp-json\/wp\/v2\/comments?post=15"}],"version-history":[{"count":2,"href":"https:\/\/www.comercialvitorialtda.com.br\/loja\/wp-json\/wp\/v2\/pages\/15\/revisions"}],"predecessor-version":[{"id":58,"href":"https:\/\/www.comercialvitorialtda.com.br\/loja\/wp-json\/wp\/v2\/pages\/15\/revisions\/58"}],"wp:attachment":[{"href":"https:\/\/www.comercialvitorialtda.com.br\/loja\/wp-json\/wp\/v2\/media?parent=15"}],"curies":[{"name":"wp","href":"https:\/\/api.w.org\/{rel}","templated":true}]}}