{"id":132,"date":"2020-07-06T09:21:24","date_gmt":"2020-07-06T12:21:24","guid":{"rendered":"http:\/\/localhost\/acaradariqueza\/site\/minha-conta\/"},"modified":"2020-07-06T10:09:28","modified_gmt":"2020-07-06T13:09:28","slug":"minha-conta","status":"publish","type":"page","link":"https:\/\/www.comercialvitorialtda.com.br\/loja\/minha-conta\/","title":{"rendered":"Minha conta"},"content":{"rendered":"<div class=\"woocommerce\"><\/div>\n","protected":false},"excerpt":{"rendered":"","protected":false},"author":2,"featured_media":0,"parent":0,"menu_order":0,"comment_status":"closed","ping_status":"closed","template":"page-padrao-woocommerce.php","meta":[],"acf":[],"yoast_head":"<!-- This site is optimized with the Yoast SEO plugin v19.8 - https:\/\/yoast.com\/wordpress\/plugins\/seo\/ -->\n<title>Minha conta - Comercial Vit\u00f3ria LTDA<\/title>\n<meta name=\"robots\" content=\"index, follow, max-snippet:-1, max-image-preview:large, max-video-preview:-1\" \/>\n<link rel=\"canonical\" href=\"http:\/\/www.comercialvitorialtda.com.br\/loja\/minha-conta\/\" \/>\n<meta property=\"og:locale\" content=\"pt_BR\" \/>\n<meta property=\"og:type\" content=\"article\" \/>\n<meta property=\"og:title\" content=\"Minha conta - Comercial Vit\u00f3ria LTDA\" \/>\n<meta property=\"og:url\" content=\"http:\/\/www.comercialvitorialtda.com.br\/loja\/minha-conta\/\" \/>\n<meta property=\"og:site_name\" content=\"Comercial Vit\u00f3ria LTDA\" \/>\n<meta property=\"article:modified_time\" content=\"2020-07-06T13:09:28+00:00\" \/>\n<meta name=\"twitter:card\" content=\"summary_large_image\" \/>\n<script type=\"application\/ld+json\" class=\"yoast-schema-graph\">{\"@context\":\"https:\/\/schema.org\",\"@graph\":[{\"@type\":\"WebPage\",\"@id\":\"http:\/\/www.comercialvitorialtda.com.br\/loja\/minha-conta\/\",\"url\":\"http:\/\/www.comercialvitorialtda.com.br\/loja\/minha-conta\/\",\"name\":\"Minha conta - Comercial Vit\u00f3ria LTDA\",\"isPartOf\":{\"@id\":\"https:\/\/www.comercialvitorialtda.com.br\/loja\/#website\"},\"datePublished\":\"2020-07-06T12:21:24+00:00\",\"dateModified\":\"2020-07-06T13:09:28+00:00\",\"breadcrumb\":{\"@id\":\"http:\/\/www.comercialvitorialtda.com.br\/loja\/minha-conta\/#breadcrumb\"},\"inLanguage\":\"pt-BR\",\"potentialAction\":[{\"@type\":\"ReadAction\",\"target\":[\"http:\/\/www.comercialvitorialtda.com.br\/loja\/minha-conta\/\"]}]},{\"@type\":\"BreadcrumbList\",\"@id\":\"http:\/\/www.comercialvitorialtda.com.br\/loja\/minha-conta\/#breadcrumb\",\"itemListElement\":[{\"@type\":\"ListItem\",\"position\":1,\"name\":\"In\u00edcio\",\"item\":\"https:\/\/www.comercialvitorialtda.com.br\/loja\/\"},{\"@type\":\"ListItem\",\"position\":2,\"name\":\"Minha conta\"}]},{\"@type\":\"WebSite\",\"@id\":\"https:\/\/www.comercialvitorialtda.com.br\/loja\/#website\",\"url\":\"https:\/\/www.comercialvitorialtda.com.br\/loja\/\",\"name\":\"Comercial Vit\u00f3ria LTDA\",\"description\":\"Empresa especializada no mercado de refrigera\u00e7\u00e3o comercial\",\"publisher\":{\"@id\":\"https:\/\/www.comercialvitorialtda.com.br\/loja\/#organization\"},\"potentialAction\":[{\"@type\":\"SearchAction\",\"target\":{\"@type\":\"EntryPoint\",\"urlTemplate\":\"https:\/\/www.comercialvitorialtda.com.br\/loja\/?s={search_term_string}\"},\"query-input\":\"required name=search_term_string\"}],\"inLanguage\":\"pt-BR\"},{\"@type\":\"Organization\",\"@id\":\"https:\/\/www.comercialvitorialtda.com.br\/loja\/#organization\",\"name\":\"Comercial Vit\u00f3ria\",\"url\":\"https:\/\/www.comercialvitorialtda.com.br\/loja\/\",\"sameAs\":[],\"logo\":{\"@type\":\"ImageObject\",\"inLanguage\":\"pt-BR\",\"@id\":\"https:\/\/www.comercialvitorialtda.com.br\/loja\/#\/schema\/logo\/image\/\",\"url\":\"http:\/\/www.comercialvitorialtda.com.br\/loja\/wp-content\/uploads\/2021\/04\/logotipo.png\",\"contentUrl\":\"http:\/\/www.comercialvitorialtda.com.br\/loja\/wp-content\/uploads\/2021\/04\/logotipo.png\",\"width\":225,\"height\":50,\"caption\":\"Comercial Vit\u00f3ria\"},\"image\":{\"@id\":\"https:\/\/www.comercialvitorialtda.com.br\/loja\/#\/schema\/logo\/image\/\"}}]}<\/script>\n<!-- \/ Yoast SEO plugin. -->","yoast_head_json":{"title":"Minha conta - Comercial Vit\u00f3ria LTDA","robots":{"index":"index","follow":"follow","max-snippet":"max-snippet:-1","max-image-preview":"max-image-preview:large","max-video-preview":"max-video-preview:-1"},"canonical":"http:\/\/www.comercialvitorialtda.com.br\/loja\/minha-conta\/","og_locale":"pt_BR","og_type":"article","og_title":"Minha conta - Comercial Vit\u00f3ria LTDA","og_url":"http:\/\/www.comercialvitorialtda.com.br\/loja\/minha-conta\/","og_site_name":"Comercial Vit\u00f3ria LTDA","article_modified_time":"2020-07-06T13:09:28+00:00","twitter_card":"summary_large_image","schema":{"@context":"https:\/\/schema.org","@graph":[{"@type":"WebPage","@id":"http:\/\/www.comercialvitorialtda.com.br\/loja\/minha-conta\/","url":"http:\/\/www.comercialvitorialtda.com.br\/loja\/minha-conta\/","name":"Minha conta - Comercial Vit\u00f3ria LTDA","isPartOf":{"@id":"https:\/\/www.comercialvitorialtda.com.br\/loja\/#website"},"datePublished":"2020-07-06T12:21:24+00:00","dateModified":"2020-07-06T13:09:28+00:00","breadcrumb":{"@id":"http:\/\/www.comercialvitorialtda.com.br\/loja\/minha-conta\/#breadcrumb"},"inLanguage":"pt-BR","potentialAction":[{"@type":"ReadAction","target":["http:\/\/www.comercialvitorialtda.com.br\/loja\/minha-conta\/"]}]},{"@type":"BreadcrumbList","@id":"http:\/\/www.comercialvitorialtda.com.br\/loja\/minha-conta\/#breadcrumb","itemListElement":[{"@type":"ListItem","position":1,"name":"In\u00edcio","item":"https:\/\/www.comercialvitorialtda.com.br\/loja\/"},{"@type":"ListItem","position":2,"name":"Minha conta"}]},{"@type":"WebSite","@id":"https:\/\/www.comercialvitorialtda.com.br\/loja\/#website","url":"https:\/\/www.comercialvitorialtda.com.br\/loja\/","name":"Comercial Vit\u00f3ria LTDA","description":"Empresa especializada no mercado de refrigera\u00e7\u00e3o comercial","publisher":{"@id":"https:\/\/www.comercialvitorialtda.com.br\/loja\/#organization"},"potentialAction":[{"@type":"SearchAction","target":{"@type":"EntryPoint","urlTemplate":"https:\/\/www.comercialvitorialtda.com.br\/loja\/?s={search_term_string}"},"query-input":"required name=search_term_string"}],"inLanguage":"pt-BR"},{"@type":"Organization","@id":"https:\/\/www.comercialvitorialtda.com.br\/loja\/#organization","name":"Comercial Vit\u00f3ria","url":"https:\/\/www.comercialvitorialtda.com.br\/loja\/","sameAs":[],"logo":{"@type":"ImageObject","inLanguage":"pt-BR","@id":"https:\/\/www.comercialvitorialtda.com.br\/loja\/#\/schema\/logo\/image\/","url":"http:\/\/www.comercialvitorialtda.com.br\/loja\/wp-content\/uploads\/2021\/04\/logotipo.png","contentUrl":"http:\/\/www.comercialvitorialtda.com.br\/loja\/wp-content\/uploads\/2021\/04\/logotipo.png","width":225,"height":50,"caption":"Comercial Vit\u00f3ria"},"image":{"@id":"https:\/\/www.comercialvitorialtda.com.br\/loja\/#\/schema\/logo\/image\/"}}]}},"_links":{"self":[{"href":"https:\/\/www.comercialvitorialtda.com.br\/loja\/wp-json\/wp\/v2\/pages\/132"}],"collection":[{"href":"https:\/\/www.comercialvitorialtda.com.br\/loja\/wp-json\/wp\/v2\/pages"}],"about":[{"href":"https:\/\/www.comercialvitorialtda.com.br\/loja\/wp-json\/wp\/v2\/types\/page"}],"author":[{"embeddable":true,"href":"https:\/\/www.comercialvitorialtda.com.br\/loja\/wp-json\/wp\/v2\/users\/2"}],"replies":[{"embeddable":true,"href":"https:\/\/www.comercialvitorialtda.com.br\/loja\/wp-json\/wp\/v2\/comments?post=132"}],"version-history":[{"count":1,"href":"https:\/\/www.comercialvitorialtda.com.br\/loja\/wp-json\/wp\/v2\/pages\/132\/revisions"}],"predecessor-version":[{"id":134,"href":"https:\/\/www.comercialvitorialtda.com.br\/loja\/wp-json\/wp\/v2\/pages\/132\/revisions\/134"}],"wp:attachment":[{"href":"https:\/\/www.comercialvitorialtda.com.br\/loja\/wp-json\/wp\/v2\/media?parent=132"}],"curies":[{"name":"wp","href":"https:\/\/api.w.org\/{rel}","templated":true}]}}